{"id":4409,"date":"2024-12-27T23:39:07","date_gmt":"2024-12-27T23:39:07","guid":{"rendered":"https:\/\/lunacarry.com\/about\/"},"modified":"2025-02-04T23:13:36","modified_gmt":"2025-02-04T23:13:36","slug":"about","status":"publish","type":"page","link":"https:\/\/lunacarry.com\/it\/about\/","title":{"rendered":"About"},"content":{"rendered":"<div data-elementor-type=\"wp-post\" data-elementor-id=\"4409\" class=\"elementor elementor-4409\">\n\t\t\t\t<div class=\"elementor-element elementor-element-79b68a0 e-flex e-con-boxed e-con e-parent\" data-id=\"79b68a0\" data-element_type=\"container\" data-settings=\"{&quot;background_background&quot;:&quot;classic&quot;}\">\n\t\t\t\t\t<div class=\"e-con-inner\">\n\t\t<div class=\"elementor-element elementor-element-991f51b e-con-full e-flex e-con e-child\" data-id=\"991f51b\" data-element_type=\"container\">\n\t\t\t\t<div class=\"elementor-element elementor-element-61a32d0 elementor-widget elementor-widget-heading\" data-id=\"61a32d0\" data-element_type=\"widget\" data-widget_type=\"heading.default\">\n\t\t\t\t<div class=\"elementor-widget-container\">\n\t\t\t\t\t<h1 class=\"elementor-heading-title elementor-size-default\">About Us<\/h1>\t\t\t\t<\/div>\n\t\t\t\t<\/div>\n\t\t\t\t<\/div>\n\t\t\t\t\t<\/div>\n\t\t\t\t<\/div>\n\t\t<div class=\"elementor-element elementor-element-d6f8f8d e-con-full e-flex e-con e-parent\" data-id=\"d6f8f8d\" data-element_type=\"container\" data-settings=\"{&quot;background_background&quot;:&quot;classic&quot;}\">\n\t\t<div class=\"elementor-element elementor-element-af42f05 e-con-full e-flex e-con e-child\" data-id=\"af42f05\" data-element_type=\"container\">\n\t\t<div class=\"elementor-element elementor-element-2a11bca e-con-full e-flex e-con e-child\" data-id=\"2a11bca\" data-element_type=\"container\">\n\t\t<div class=\"elementor-element elementor-element-b4b1dc6 e-con-full e-flex e-con e-child\" data-id=\"b4b1dc6\" data-element_type=\"container\" data-settings=\"{&quot;background_background&quot;:&quot;classic&quot;}\">\n\t\t\t\t<div class=\"elementor-element elementor-element-c16320b elementor-widget-divider--view-line elementor-widget elementor-widget-divider\" data-id=\"c16320b\" data-element_type=\"widget\" data-widget_type=\"divider.default\">\n\t\t\t\t<div class=\"elementor-widget-container\">\n\t\t\t\t\t\t\t<div class=\"elementor-divider\">\n\t\t\t<span class=\"elementor-divider-separator\">\n\t\t\t\t\t\t<\/span>\n\t\t<\/div>\n\t\t\t\t\t\t<\/div>\n\t\t\t\t<\/div>\n\t\t\t\t<div class=\"elementor-element elementor-element-4ecfbe7 elementor-widget elementor-widget-image-box\" data-id=\"4ecfbe7\" data-element_type=\"widget\" data-widget_type=\"image-box.default\">\n\t\t\t\t<div class=\"elementor-widget-container\">\n\t\t\t\t\t<div class=\"elementor-image-box-wrapper\"><div class=\"elementor-image-box-content\"><h2 class=\"elementor-image-box-title\">Who We Are<br><br><\/h2><p class=\"elementor-image-box-description\">A LunaCarry \u00e9 uma refer\u00eancia global em bolsas, malas e acess\u00f3rios de viagem, reconhecida por seus clientes como uma marca de confian\u00e7a e qualidade. Com mais de uma d\u00e9cada de experi\u00eancia no mercado internacional, somos especialistas em atender diferentes estilos e necessidades, oferecendo desde bolsas elegantes at\u00e9 acess\u00f3rios infantis e itens indispens\u00e1veis para viagens. Nossa miss\u00e3o \u00e9 proporcionar produtos de alta qualidade e funcionalidade, com design inovador que atenda aos mais variados gostos e exig\u00eancias.\n\nCom uma ampla variedade de produtos, a LunaCarry se destaca pela combina\u00e7\u00e3o perfeita entre estilo e praticidade. Oferecemos desde modelos sofisticados de bolsas e malas, at\u00e9 solu\u00e7\u00f5es funcionais para o p\u00fablico infantil, criando um portf\u00f3lio que atende \u00e0s necessidades de todos os membros da fam\u00edlia. A linha LunaCarry, nossa marca pr\u00f3pria, \u00e9 a cereja do bolo, trazendo o que h\u00e1 de mais moderno e funcional em termos de acess\u00f3rios de viagem, sempre com um toque \u00fanico de qualidade e inova\u00e7\u00e3o.\n\nA experi\u00eancia de compra em nossa loja \u00e9 pensada para ser a mais segura e confi\u00e1vel poss\u00edvel. Utilizamos tecnologia de ponta para proteger as informa\u00e7\u00f5es de nossos clientes, com criptografia de dados e m\u00e9todos de pagamento globalmente reconhecidos, como Stripe, PayPal e Klarna. Esse compromisso com a seguran\u00e7a garante que suas compras sejam realizadas com total tranquilidade, seja voc\u00ea um cliente novo ou frequente.\n\nAo longo dos anos, a LunaCarry tem conquistado a prefer\u00eancia de consumidores ao redor do mundo, tornando-se uma marca querida por quem busca produtos de qualidade, design inovador e funcionalidade. Somos apaixonados por oferecer solu\u00e7\u00f5es que tornam o dia a dia mais pr\u00e1tico e estiloso, com um atendimento ao cliente que vai al\u00e9m da venda, buscando sempre fidelizar e proporcionar uma experi\u00eancia de compra incr\u00edvel.\n\nNossa Vis\u00e3o\nSer reconhecida como a principal refer\u00eancia global em qualidade e inova\u00e7\u00e3o no mercado de bolsas, malas e acess\u00f3rios de viagem, com uma linha pr\u00f3pria que atende aos mais altos padr\u00f5es de excel\u00eancia.\n\nNossos Valores\n\nCompromisso com a qualidade\nInova\u00e7\u00e3o constante\nAtendimento ao cliente excepcional\nSustentabilidade e responsabilidade ambiental\nSeguran\u00e7a e confian\u00e7a nas compras\nO que nos torna \u00fanicos\nA LunaCarry n\u00e3o \u00e9 apenas mais uma marca de produtos. \u00c9 uma experi\u00eancia, uma hist\u00f3ria constru\u00edda ao longo de mais de 10 anos de dedica\u00e7\u00e3o e paix\u00e3o por oferecer o melhor aos nossos clientes. Cada produto que oferecemos \u00e9 cuidadosamente selecionado para garantir que voc\u00ea tenha a melhor experi\u00eancia de compra, sempre com qualidade, durabilidade e design inovador.<\/p><\/div><\/div>\t\t\t\t<\/div>\n\t\t\t\t<\/div>\n\t\t\t\t<\/div>\n\t\t<div class=\"elementor-element elementor-element-d8389aa e-con-full e-flex e-con e-child\" data-id=\"d8389aa\" data-element_type=\"container\" data-settings=\"{&quot;background_background&quot;:&quot;classic&quot;}\">\n\t\t\t\t<div class=\"elementor-element elementor-element-8b27a23 elementor-widget elementor-widget-image\" data-id=\"8b27a23\" data-element_type=\"widget\" data-widget_type=\"image.default\">\n\t\t\t\t<div class=\"elementor-widget-container\">\n\t\t\t\t\t\t\t\t\t\t\t\t\t\t\t<img decoding=\"async\" src=\"http:\/\/lunacarry.com\/wp-content\/uploads\/2018\/12\/slide-image-free-img.jpg\" title=\"\" alt=\"\" loading=\"lazy\" \/>\t\t\t\t\t\t\t\t\t\t\t\t\t\t\t<\/div>\n\t\t\t\t<\/div>\n\t\t\t\t<\/div>\n\t\t\t\t<\/div>\n\t\t\t\t<\/div>\n\t\t\t\t<\/div>\n\t\t<div class=\"elementor-element elementor-element-7e5327e e-flex e-con-boxed e-con e-parent\" data-id=\"7e5327e\" data-element_type=\"container\">\n\t\t\t\t\t<div class=\"e-con-inner\">\n\t\t<div class=\"elementor-element elementor-element-a5cd6c6 e-con-full e-flex e-con e-child\" data-id=\"a5cd6c6\" data-element_type=\"container\">\n\t\t\t\t<div class=\"elementor-element elementor-element-cb75962 elementor-position-top elementor-widget elementor-widget-image-box\" data-id=\"cb75962\" data-element_type=\"widget\" data-widget_type=\"image-box.default\">\n\t\t\t\t<div class=\"elementor-widget-container\">\n\t\t\t\t\t<div class=\"elementor-image-box-wrapper\"><figure class=\"elementor-image-box-img\"><img decoding=\"async\" src=\"http:\/\/lunacarry.com\/wp-content\/uploads\/2024\/12\/globe-free-img.png\" title=\"\" alt=\"\" loading=\"lazy\" \/><\/figure><div class=\"elementor-image-box-content\"><h5 class=\"elementor-image-box-title\">Worldwide Shipping<\/h5><p class=\"elementor-image-box-description\">Fast and secure international shipping to any location.<\/p><\/div><\/div>\t\t\t\t<\/div>\n\t\t\t\t<\/div>\n\t\t\t\t<\/div>\n\t\t<div class=\"elementor-element elementor-element-aedde58 e-con-full e-flex e-con e-child\" data-id=\"aedde58\" data-element_type=\"container\">\n\t\t\t\t<div class=\"elementor-element elementor-element-354e72a elementor-position-top elementor-widget elementor-widget-image-box\" data-id=\"354e72a\" data-element_type=\"widget\" data-widget_type=\"image-box.default\">\n\t\t\t\t<div class=\"elementor-widget-container\">\n\t\t\t\t\t<div class=\"elementor-image-box-wrapper\"><figure class=\"elementor-image-box-img\"><img decoding=\"async\" src=\"http:\/\/lunacarry.com\/wp-content\/uploads\/2024\/12\/quality-free-img.png\" title=\"\" alt=\"\" loading=\"lazy\" \/><\/figure><div class=\"elementor-image-box-content\"><h5 class=\"elementor-image-box-title\">Best Quality<\/h5><p class=\"elementor-image-box-description\">Durable, high-quality products, including our own brand.<\/p><\/div><\/div>\t\t\t\t<\/div>\n\t\t\t\t<\/div>\n\t\t\t\t<\/div>\n\t\t<div class=\"elementor-element elementor-element-dbc9b68 e-con-full e-flex e-con e-child\" data-id=\"dbc9b68\" data-element_type=\"container\">\n\t\t\t\t<div class=\"elementor-element elementor-element-6bef0f0 elementor-position-top elementor-widget elementor-widget-image-box\" data-id=\"6bef0f0\" data-element_type=\"widget\" data-widget_type=\"image-box.default\">\n\t\t\t\t<div class=\"elementor-widget-container\">\n\t\t\t\t\t<div class=\"elementor-image-box-wrapper\"><figure class=\"elementor-image-box-img\"><img decoding=\"async\" src=\"http:\/\/lunacarry.com\/wp-content\/uploads\/2024\/12\/tag-free-img.png\" title=\"\" alt=\"\" loading=\"lazy\" \/><\/figure><div class=\"elementor-image-box-content\"><h5 class=\"elementor-image-box-title\">Best Offers<\/h5><p class=\"elementor-image-box-description\">Exclusive discounts and unbeatable promotions for you.<\/p><\/div><\/div>\t\t\t\t<\/div>\n\t\t\t\t<\/div>\n\t\t\t\t<\/div>\n\t\t<div class=\"elementor-element elementor-element-e16ff0a e-con-full e-flex e-con e-child\" data-id=\"e16ff0a\" data-element_type=\"container\">\n\t\t\t\t<div class=\"elementor-element elementor-element-5fcddda elementor-position-top elementor-widget elementor-widget-image-box\" data-id=\"5fcddda\" data-element_type=\"widget\" data-widget_type=\"image-box.default\">\n\t\t\t\t<div class=\"elementor-widget-container\">\n\t\t\t\t\t<div class=\"elementor-image-box-wrapper\"><figure class=\"elementor-image-box-img\"><img decoding=\"async\" src=\"http:\/\/lunacarry.com\/wp-content\/uploads\/2024\/12\/lock-free-img.png\" title=\"\" alt=\"\" loading=\"lazy\" \/><\/figure><div class=\"elementor-image-box-content\"><h5 class=\"elementor-image-box-title\">Secure Payments<\/h5><p class=\"elementor-image-box-description\">Protected payments with trusted options like Stripe and PayPal<\/p><\/div><\/div>\t\t\t\t<\/div>\n\t\t\t\t<\/div>\n\t\t\t\t<\/div>\n\t\t\t\t\t<\/div>\n\t\t\t\t<\/div>\n\t\t\t\t<\/div>","protected":false},"excerpt":{"rendered":"<p>About Us Who We Are A LunaCarry \u00e9 uma refer\u00eancia global em bolsas, malas e acess\u00f3rios de viagem, reconhecida por seus clientes como uma marca de confian\u00e7a e qualidade. Com mais de uma d\u00e9cada de experi\u00eancia no mercado internacional, somos especialistas em atender diferentes estilos e necessidades, oferecendo desde bolsas elegantes at\u00e9 acess\u00f3rios infantis e [&hellip;]<\/p>","protected":false},"author":1,"featured_media":0,"parent":0,"menu_order":0,"comment_status":"closed","ping_status":"closed","template":"","meta":{"site-sidebar-layout":"no-sidebar","site-content-layout":"page-builder","ast-site-content-layout":"full-width-container","site-content-style":"unboxed","site-sidebar-style":"unboxed","ast-global-header-display":"","ast-banner-title-visibility":"","ast-main-header-display":"","ast-hfb-above-header-display":"","ast-hfb-below-header-display":"","ast-hfb-mobile-header-display":"","site-post-title":"disabled","ast-breadcrumbs-content":"","ast-featured-img":"disabled","footer-sml-layout":"","theme-transparent-header-meta":"enabled","adv-header-id-meta":"","stick-header-meta":"","header-above-stick-meta":"","header-main-stick-meta":"","header-below-stick-meta":"","astra-migrate-meta-layouts":"set","ast-page-background-enabled":"default","ast-page-background-meta":{"desktop":{"background-color":"","background-image":"","background-repeat":"repeat","background-position":"center center","background-size":"auto","background-attachment":"scroll","background-type":"","background-media":"","overlay-type":"","overlay-color":"","overlay-opacity":"","overlay-gradient":""},"tablet":{"background-color":"","background-image":"","background-repeat":"repeat","background-position":"center center","background-size":"auto","background-attachment":"scroll","background-type":"","background-media":"","overlay-type":"","overlay-color":"","overlay-opacity":"","overlay-gradient":""},"mobile":{"background-color":"","background-image":"","background-repeat":"repeat","background-position":"center center","background-size":"auto","background-attachment":"scroll","background-type":"","background-media":"","overlay-type":"","overlay-color":"","overlay-opacity":"","overlay-gradient":""}},"ast-content-background-meta":{"desktop":{"background-color":"var(--ast-global-color-5)","background-image":"","background-repeat":"repeat","background-position":"center center","background-size":"auto","background-attachment":"scroll","background-type":"","background-media":"","overlay-type":"","overlay-color":"","overlay-opacity":"","overlay-gradient":""},"tablet":{"background-color":"var(--ast-global-color-5)","background-image":"","background-repeat":"repeat","background-position":"center center","background-size":"auto","background-attachment":"scroll","background-type":"","background-media":"","overlay-type":"","overlay-color":"","overlay-opacity":"","overlay-gradient":""},"mobile":{"background-color":"var(--ast-global-color-5)","background-image":"","background-repeat":"repeat","background-position":"center center","background-size":"auto","background-attachment":"scroll","background-type":"","background-media":"","overlay-type":"","overlay-color":"","overlay-opacity":"","overlay-gradient":""}},"footnotes":""},"class_list":["post-4409","page","type-page","status-publish","hentry"],"_links":{"self":[{"href":"https:\/\/lunacarry.com\/it\/wp-json\/wp\/v2\/pages\/4409","targetHints":{"allow":["GET"]}}],"collection":[{"href":"https:\/\/lunacarry.com\/it\/wp-json\/wp\/v2\/pages"}],"about":[{"href":"https:\/\/lunacarry.com\/it\/wp-json\/wp\/v2\/types\/page"}],"author":[{"embeddable":true,"href":"https:\/\/lunacarry.com\/it\/wp-json\/wp\/v2\/users\/1"}],"replies":[{"embeddable":true,"href":"https:\/\/lunacarry.com\/it\/wp-json\/wp\/v2\/comments?post=4409"}],"version-history":[{"count":6,"href":"https:\/\/lunacarry.com\/it\/wp-json\/wp\/v2\/pages\/4409\/revisions"}],"predecessor-version":[{"id":40753,"href":"https:\/\/lunacarry.com\/it\/wp-json\/wp\/v2\/pages\/4409\/revisions\/40753"}],"wp:attachment":[{"href":"https:\/\/lunacarry.com\/it\/wp-json\/wp\/v2\/media?parent=4409"}],"curies":[{"name":"wp","href":"https:\/\/api.w.org\/{rel}","templated":true}]}}